{"id":1882,"date":"2025-10-20T12:07:26","date_gmt":"2025-10-20T12:07:26","guid":{"rendered":"https:\/\/trademilk.pl\/%d9%85%d9%86%d8%b7%d9%82%d8%a9-%d8%a7%d9%84%d9%85%d8%b9%d8%b1%d9%81%d8%a9\/"},"modified":"2025-12-29T12:34:55","modified_gmt":"2025-12-29T12:34:55","slug":"%d9%85%d9%86%d8%b7%d9%82%d8%a9-%d8%a7%d9%84%d9%85%d8%b9%d8%b1%d9%81%d8%a9","status":"publish","type":"page","link":"https:\/\/trademilk.pl\/ar\/%d9%85%d9%86%d8%b7%d9%82%d8%a9-%d8%a7%d9%84%d9%85%d8%b9%d8%b1%d9%81%d8%a9\/","title":{"rendered":"\u0645\u0646\u0637\u0642\u0629 \u0627\u0644\u0645\u0639\u0631\u0641\u0629"},"content":{"rendered":"\t\t<div data-elementor-type=\"wp-page\" data-elementor-id=\"1882\" class=\"elementor elementor-1882 elementor-338\" data-elementor-post-type=\"page\">\n\t\t\t\t<div class=\"elementor-element elementor-element-c506911 e-flex e-con-boxed e-con e-parent\" data-id=\"c506911\" data-element_type=\"container\" data-e-type=\"container\">\n\t\t\t\t\t<div class=\"e-con-inner\">\n\t\t\t\t<div class=\"elementor-element elementor-element-e6669ec elementor-widget elementor-widget-breadcrumbs\" data-id=\"e6669ec\" data-element_type=\"widget\" data-e-type=\"widget\" data-widget_type=\"breadcrumbs.default\">\n\t\t\t\t\t<p id=\"breadcrumbs\"><span><span><a href=\"https:\/\/trademilk.pl\/ar\/\">Strona g\u0142\u00f3wna<\/a><\/span><\/span><\/p>\t\t\t\t<\/div>\n\t\t\t\t<div class=\"elementor-element elementor-element-4882de0 elementor-widget__width-initial elementor-widget-tablet__width-inherit elementor-invisible elementor-widget elementor-widget-heading\" data-id=\"4882de0\" data-element_type=\"widget\" data-e-type=\"widget\" data-settings=\"{&quot;_animation&quot;:&quot;fadeInUp&quot;}\" data-widget_type=\"heading.default\">\n\t\t\t\t\t<h1 class=\"elementor-heading-title elementor-size-default\">\u0645\u0646\u0637\u0642\u0629 \u0627\u0644\u0645\u0639\u0631\u0641\u0629<\/h1>\t\t\t\t<\/div>\n\t\t\t\t<div class=\"elementor-element elementor-element-8e73b20 elementor-widget__width-initial elementor-widget-tablet__width-inherit elementor-invisible elementor-widget elementor-widget-text-editor\" data-id=\"8e73b20\" data-element_type=\"widget\" data-e-type=\"widget\" data-settings=\"{&quot;_animation&quot;:&quot;fadeInUp&quot;}\" data-widget_type=\"text-editor.default\">\n\t\t\t\t\t\t\t\t\t<div class=\"elementor-element elementor-element-6c1d04f8 elementor-widget elementor-widget-text-editor\" data-id=\"6c1d04f8\" data-element_type=\"widget\" data-widget_type=\"text-editor.default\"><div class=\"elementor-widget-container\"><p>\u0644\u0648\u0631\u064a\u0645 \u0625\u064a\u0628\u0633\u0648\u0645 \u062f\u0648\u0644\u0648\u0631 \u0633\u064a\u062a \u0623\u0645\u064a\u062a\u060c \u0643\u0648\u0646\u0633\u064a\u0643\u062a\u064a\u062a\u0648\u0631 \u0623\u062f\u064a\u0628\u064a\u0633\u0633\u064a\u0646\u062c \u0625\u0644\u064a\u062a. \u0646\u0648\u0646\u0643 \u062a\u064a\u0645\u0628\u0648\u0631 \u0643\u0648\u064a\u0633 \u0633\u064a\u0645 \u0625\u064a\u062f \u0644\u0648\u0643\u062a\u0648\u0633. \u062f\u0648\u0646\u064a\u0643 \u0633\u064a\u062a \u0623\u0645\u064a\u062a \u0643\u0648\u0646\u0641\u0627\u0644\u064a\u0633 \u0646\u064a\u0643\u0648\u064a\u060c \u0646\u0648\u0646 \u0644\u0648\u0628\u0648\u0631\u062a\u064a\u0633 \u062f\u0648\u064a. \u0643\u0631\u0627\u0633 \u0633\u064a\u0644\u064a\u0631\u064a\u0633\u0643\u0648\u064a \u0644\u064a\u062c\u0648\u0644\u0627 \u0633\u064a\u062f \u062a\u064a\u0646\u0633\u064a\u062f\u0648\u0646\u062a \u0641\u064a\u0646\u064a\u0628\u0648\u0633.    <\/p><\/div><\/div>\t\t\t\t\t\t\t\t<\/div>\n\t\t\t\t\t<\/div>\n\t\t\t\t<\/div>\n\t\t<div class=\"elementor-element elementor-element-08174e6 e-flex e-con-boxed e-con e-parent\" data-id=\"08174e6\" data-element_type=\"container\" data-e-type=\"container\">\n\t\t\t\t\t<div class=\"e-con-inner\">\n\t\t\t\t<div class=\"elementor-element elementor-element-a6fed6d elementor-widget elementor-widget-jet-listing-grid\" data-id=\"a6fed6d\" data-element_type=\"widget\" data-e-type=\"widget\" data-settings=\"{&quot;columns&quot;:3,&quot;columns_tablet&quot;:&quot;2&quot;,&quot;columns_mobile&quot;:&quot;1&quot;}\" data-widget_type=\"jet-listing-grid.default\">\n\t\t\t\t\t<div class=\"jet-listing-grid jet-listing\"><div class=\"jet-listing-not-found jet-listing-grid__items\" data-nav=\"{&quot;enabled&quot;:true,&quot;type&quot;:&quot;scroll&quot;,&quot;more_el&quot;:null,&quot;query&quot;:{&quot;post_status&quot;:[&quot;publish&quot;],&quot;post_type&quot;:&quot;post&quot;,&quot;posts_per_page&quot;:&quot;12&quot;,&quot;paged&quot;:&quot;1&quot;,&quot;ignore_sticky_posts&quot;:&quot;1&quot;,&quot;tax_query&quot;:[{&quot;taxonomy&quot;:&quot;category&quot;,&quot;field&quot;:&quot;name&quot;,&quot;terms&quot;:[&quot;Strefa wiedzy&quot;],&quot;operator&quot;:&quot;IN&quot;}],&quot;signature&quot;:&quot;a73c101190bb4a97d4ea90f5c10092efe410769eb2ae88d3b47e24445740074e&quot;},&quot;widget_settings&quot;:{&quot;lisitng_id&quot;:767,&quot;posts_num&quot;:12,&quot;columns&quot;:3,&quot;columns_tablet&quot;:2,&quot;columns_mobile&quot;:1,&quot;column_min_width&quot;:240,&quot;column_min_width_tablet&quot;:240,&quot;column_min_width_mobile&quot;:240,&quot;inline_columns_css&quot;:false,&quot;is_archive_template&quot;:&quot;&quot;,&quot;post_status&quot;:[&quot;publish&quot;],&quot;use_random_posts_num&quot;:&quot;&quot;,&quot;max_posts_num&quot;:9,&quot;not_found_message&quot;:&quot;\\u0644\\u0627 \\u062a\\u0648\\u062c\\u062f \\u0645\\u062f\\u062e\\u0644\\u0627\\u062a \\u0641\\u064a \\u0647\\u0630\\u0647 \\u0627\\u0644\\u0641\\u0626\\u0629&quot;,&quot;is_masonry&quot;:false,&quot;equal_columns_height&quot;:&quot;yes&quot;,&quot;use_load_more&quot;:&quot;yes&quot;,&quot;load_more_id&quot;:&quot;&quot;,&quot;load_more_type&quot;:&quot;scroll&quot;,&quot;load_more_offset&quot;:{&quot;unit&quot;:&quot;px&quot;,&quot;size&quot;:0,&quot;sizes&quot;:[]},&quot;use_custom_post_types&quot;:&quot;&quot;,&quot;custom_post_types&quot;:[],&quot;hide_widget_if&quot;:&quot;&quot;,&quot;carousel_enabled&quot;:&quot;&quot;,&quot;slides_to_scroll&quot;:&quot;1&quot;,&quot;arrows&quot;:&quot;true&quot;,&quot;arrow_icon&quot;:&quot;fa fa-angle-left&quot;,&quot;dots&quot;:&quot;&quot;,&quot;autoplay&quot;:&quot;true&quot;,&quot;pause_on_hover&quot;:&quot;true&quot;,&quot;autoplay_speed&quot;:5000,&quot;infinite&quot;:&quot;true&quot;,&quot;center_mode&quot;:&quot;&quot;,&quot;effect&quot;:&quot;slide&quot;,&quot;speed&quot;:500,&quot;inject_alternative_items&quot;:&quot;&quot;,&quot;injection_items&quot;:[],&quot;scroll_slider_enabled&quot;:&quot;&quot;,&quot;scroll_slider_on&quot;:[&quot;desktop&quot;,&quot;tablet&quot;,&quot;mobile&quot;],&quot;custom_query&quot;:false,&quot;custom_query_id&quot;:&quot;&quot;,&quot;_element_id&quot;:&quot;&quot;,&quot;collapse_first_last_gap&quot;:false,&quot;list_tag_selection&quot;:&quot;&quot;,&quot;list_items_wrapper_tag&quot;:&quot;div&quot;,&quot;list_item_tag&quot;:&quot;div&quot;,&quot;empty_items_wrapper_tag&quot;:&quot;div&quot;}}\" data-listing-source=\"posts\" data-listing-id=\"767\" data-query-id=\"\" data-queried-id=\"1882|WP_Post\">\u0644\u0627 \u062a\u0648\u062c\u062f \u0645\u062f\u062e\u0644\u0627\u062a \u0641\u064a \u0647\u0630\u0647 \u0627\u0644\u0641\u0626\u0629<\/div><\/div>\t\t\t\t<\/div>\n\t\t\t\t\t<\/div>\n\t\t\t\t<\/div>\n\t\t<div class=\"elementor-element elementor-element-d4d28d7 e-con-full e-flex e-con e-parent\" data-id=\"d4d28d7\" data-element_type=\"container\" data-e-type=\"container\">\n\t\t\t\t<div class=\"elementor-element elementor-element-7ee450a elementor-widget elementor-widget-template\" data-id=\"7ee450a\" data-element_type=\"widget\" data-e-type=\"widget\" data-widget_type=\"template.default\">\n\t\t\t\t<div class=\"elementor-widget-container\">\n\t\t\t\t\t\t\t<div class=\"elementor-template\">\n\t\t\t\t\t<div data-elementor-type=\"container\" data-elementor-id=\"1041\" class=\"elementor elementor-1041\" data-elementor-post-type=\"elementor_library\">\n\t\t\t\t<div class=\"elementor-element elementor-element-6082529d e-flex e-con-boxed e-con e-parent\" data-id=\"6082529d\" data-element_type=\"container\" data-e-type=\"container\">\n\t\t\t\t\t<div class=\"e-con-inner\">\n\t\t<div class=\"elementor-element elementor-element-54f684d6 e-con-full e-flex e-con e-child\" data-id=\"54f684d6\" data-element_type=\"container\" data-e-type=\"container\" data-settings=\"{&quot;background_background&quot;:&quot;classic&quot;}\">\n\t\t<div class=\"elementor-element elementor-element-784faa20 e-con-full e-flex e-con e-child\" data-id=\"784faa20\" data-element_type=\"container\" data-e-type=\"container\">\n\t\t\t\t<div class=\"elementor-element elementor-element-4ed450ff elementor-widget__width-initial elementor-widget-tablet__width-inherit elementor-invisible elementor-widget elementor-widget-heading\" data-id=\"4ed450ff\" data-element_type=\"widget\" data-e-type=\"widget\" data-settings=\"{&quot;_animation&quot;:&quot;fadeInUp&quot;}\" data-widget_type=\"heading.default\">\n\t\t\t\t\t<h2 class=\"elementor-heading-title elementor-size-default\">Skontaktuj si\u0119 z nami<\/h2>\t\t\t\t<\/div>\n\t\t\t\t<div class=\"elementor-element elementor-element-22c6383f elementor-widget__width-initial elementor-widget-mobile__width-inherit elementor-button-align-stretch elementor-widget elementor-widget-form\" data-id=\"22c6383f\" data-element_type=\"widget\" data-e-type=\"widget\" data-settings=\"{&quot;step_next_label&quot;:&quot;Nast\\u0119pny&quot;,&quot;step_previous_label&quot;:&quot;Poprzedni&quot;,&quot;button_width&quot;:&quot;100&quot;,&quot;step_type&quot;:&quot;number_text&quot;,&quot;step_icon_shape&quot;:&quot;circle&quot;}\" data-widget_type=\"form.default\">\n\t\t\t\t\t\t\t<form class=\"elementor-form\" method=\"post\" name=\"Nowy formularz\" aria-label=\"Nowy formularz\">\n\t\t\t<input type=\"hidden\" name=\"post_id\" value=\"1041\"\/>\n\t\t\t<input type=\"hidden\" name=\"form_id\" value=\"22c6383f\"\/>\n\t\t\t<input type=\"hidden\" name=\"referer_title\" value=\"Strefa wiedzy - TRADE MILK\" \/>\n\n\t\t\t\t\t\t\t<input type=\"hidden\" name=\"queried_id\" value=\"338\"\/>\n\t\t\t\n\t\t\t<div class=\"elementor-form-fields-wrapper elementor-labels-\">\n\t\t\t\t\t\t\t\t<div class=\"elementor-field-type-text elementor-field-group elementor-column elementor-field-group-name elementor-col-100\">\n\t\t\t\t\t\t\t\t\t\t\t\t<label for=\"form-field-name\" class=\"elementor-field-label elementor-screen-only\">\n\t\t\t\t\t\t\t\tImi\u0119 i nazwisko\t\t\t\t\t\t\t<\/label>\n\t\t\t\t\t\t\t\t\t\t\t\t\t\t<input size=\"1\" type=\"text\" name=\"form_fields[name]\" id=\"form-field-name\" class=\"elementor-field elementor-size-lg  elementor-field-textual\" placeholder=\"Imi\u0119 i nazwisko\">\n\t\t\t\t\t\t\t\t\t\t\t<\/div>\n\t\t\t\t\t\t\t\t<div class=\"elementor-field-type-email elementor-field-group elementor-column elementor-field-group-email elementor-col-100 elementor-field-required\">\n\t\t\t\t\t\t\t\t\t\t\t\t<label for=\"form-field-email\" class=\"elementor-field-label elementor-screen-only\">\n\t\t\t\t\t\t\t\tAdres e-mail\t\t\t\t\t\t\t<\/label>\n\t\t\t\t\t\t\t\t\t\t\t\t\t\t<input size=\"1\" type=\"email\" name=\"form_fields[email]\" id=\"form-field-email\" class=\"elementor-field elementor-size-lg  elementor-field-textual\" placeholder=\"Adres e-mail\" required=\"required\">\n\t\t\t\t\t\t\t\t\t\t\t<\/div>\n\t\t\t\t\t\t\t\t<div class=\"elementor-field-type-textarea elementor-field-group elementor-column elementor-field-group-message elementor-col-100 elementor-field-required\">\n\t\t\t\t\t\t\t\t\t\t\t\t<label for=\"form-field-message\" class=\"elementor-field-label elementor-screen-only\">\n\t\t\t\t\t\t\t\tTwoja wiadomo\u015b\u0107\t\t\t\t\t\t\t<\/label>\n\t\t\t\t\t\t<textarea class=\"elementor-field-textual elementor-field  elementor-size-lg\" name=\"form_fields[message]\" id=\"form-field-message\" rows=\"4\" placeholder=\"Twoja wiadomo\u015b\u0107\" required=\"required\"><\/textarea>\t\t\t\t<\/div>\n\t\t\t\t\t\t\t\t<div class=\"elementor-field-type-acceptance elementor-field-group elementor-column elementor-field-group-field_7fbb463 elementor-col-100 elementor-field-required\">\n\t\t\t\t\t\t\t<div class=\"elementor-field-subgroup\">\n\t\t\t<span class=\"elementor-field-option\">\n\t\t\t\t<input type=\"checkbox\" name=\"form_fields[field_7fbb463]\" id=\"form-field-field_7fbb463\" class=\"elementor-field elementor-size-lg  elementor-acceptance-field\" required=\"required\">\n\t\t\t\t<label for=\"form-field-field_7fbb463\">Podanie danych, w tym adresu e-mail jest dobrowolne, ale niezb\u0119dne do wys\u0142ania zapytania i przetworzenia zapytania. Przys\u0142uguje mi prawo dost\u0119pu do swoich danych, mo\u017cliwo\u015bci ich poprawiania, \u017c\u0105dania zaprzestania ich przetwarzania. Wi\u0119cej informacji znajdziesz w naszej Polityce Prywatno\u015bci.<\/label>\t\t\t<\/span>\n\t\t<\/div>\n\t\t\t\t\t\t<\/div>\n\t\t\t\t\t\t\t\t<div class=\"elementor-field-group elementor-column elementor-field-type-submit elementor-col-100 e-form__buttons\">\n\t\t\t\t\t<button class=\"elementor-button elementor-size-lg\" type=\"submit\">\n\t\t\t\t\t\t<span class=\"elementor-button-content-wrapper\">\n\t\t\t\t\t\t\t\t\t\t\t\t\t\t\t\t\t\t\t\t\t\t<span class=\"elementor-button-text\">Wy\u015blij wiadomo\u015b\u0107<\/span>\n\t\t\t\t\t\t\t\t\t\t\t\t\t<\/span>\n\t\t\t\t\t<\/button>\n\t\t\t\t<\/div>\n\t\t\t<\/div>\n\t\t<\/form>\n\t\t\t\t\t\t<\/div>\n\t\t\t\t<\/div>\n\t\t<div class=\"elementor-element elementor-element-273a310 e-con-full e-flex elementor-invisible e-con e-child\" data-id=\"273a310\" data-element_type=\"container\" data-e-type=\"container\" data-settings=\"{&quot;background_background&quot;:&quot;classic&quot;,&quot;animation&quot;:&quot;fadeInUp&quot;,&quot;animation_delay&quot;:100}\">\n\t\t\t\t<\/div>\n\t\t\t\t<\/div>\n\t\t\t\t\t<\/div>\n\t\t\t\t<\/div>\n\t\t\t\t<\/div>\n\t\t\t\t<\/div>\n\t\t\t\t\t\t<\/div>\n\t\t\t\t<\/div>\n\t\t\t\t<\/div>\n\t\t\t\t<\/div>\n\t\t","protected":false},"excerpt":{"rendered":"<p>\u0644\u0648\u0631\u064a\u0645 \u0625\u064a\u0628\u0633\u0648\u0645 \u062f\u0648\u0644\u0648\u0631 \u0633\u064a\u062a \u0623\u0645\u064a\u062a\u060c \u0643\u0648\u0646\u0633\u064a\u0643\u062a\u064a\u062a\u0648\u0631 \u0623\u062f\u064a\u0628\u064a\u0633\u0633\u064a\u0646\u062c \u0625\u0644\u064a\u062a. \u0646\u0648\u0646\u0643 \u062a\u064a\u0645\u0628\u0648\u0631 \u0643\u0648\u064a\u0633 \u0633\u064a\u0645 \u0625\u064a\u062f \u0644\u0648\u0643\u062a\u0648\u0633. \u062f\u0648\u0646\u064a\u0643 \u0633\u064a\u062a \u0623\u0645\u064a\u062a \u0643\u0648\u0646\u0641\u0627\u0644\u064a\u0633 \u0646\u064a\u0643\u0648\u064a\u060c \u0646\u0648\u0646 \u0644\u0648\u0628\u0648\u0631\u062a\u064a\u0633 \u062f\u0648\u064a. \u0643\u0631\u0627\u0633 \u0633\u064a\u0644\u064a\u0631\u064a\u0633\u0643\u0648\u064a \u0644\u064a\u062c\u0648\u0644\u0627 \u0633\u064a\u062f \u062a\u064a\u0646\u0633\u064a\u062f\u0648\u0646\u062a \u0641\u064a\u0646\u064a\u0628\u0648\u0633. \u0644\u0627 \u062a\u0648\u062c\u062f \u0645\u062f\u062e\u0644\u0627\u062a \u0641\u064a \u0647\u0630\u0647 \u0627\u0644\u0641\u0626\u0629<\/p>\n","protected":false},"author":1,"featured_media":0,"parent":0,"menu_order":0,"comment_status":"closed","ping_status":"closed","template":"elementor_header_footer","meta":{"footnotes":""},"class_list":["post-1882","page","type-page","status-publish","hentry"],"yoast_head":"<!-- This site is optimized with the Yoast SEO plugin v27.3 - https:\/\/yoast.com\/product\/yoast-seo-wordpress\/ -->\n<title>\u0645\u0646\u0637\u0642\u0629 \u0627\u0644\u0645\u0639\u0631\u0641\u0629 - TRADE MILK<\/title>\n<meta name=\"robots\" content=\"index, follow, max-snippet:-1, max-image-preview:large, max-video-preview:-1\" \/>\n<link rel=\"canonical\" href=\"https:\/\/trademilk.pl\/ar\/%d9%85%d9%86%d8%b7%d9%82%d8%a9-%d8%a7%d9%84%d9%85%d8%b9%d8%b1%d9%81%d8%a9\/\" \/>\n<meta property=\"og:locale\" content=\"ar_AR\" \/>\n<meta property=\"og:type\" content=\"article\" \/>\n<meta property=\"og:title\" content=\"\u0645\u0646\u0637\u0642\u0629 \u0627\u0644\u0645\u0639\u0631\u0641\u0629 - TRADE MILK\" \/>\n<meta property=\"og:description\" content=\"\u0644\u0648\u0631\u064a\u0645 \u0625\u064a\u0628\u0633\u0648\u0645 \u062f\u0648\u0644\u0648\u0631 \u0633\u064a\u062a \u0623\u0645\u064a\u062a\u060c \u0643\u0648\u0646\u0633\u064a\u0643\u062a\u064a\u062a\u0648\u0631 \u0623\u062f\u064a\u0628\u064a\u0633\u0633\u064a\u0646\u062c \u0625\u0644\u064a\u062a. \u0646\u0648\u0646\u0643 \u062a\u064a\u0645\u0628\u0648\u0631 \u0643\u0648\u064a\u0633 \u0633\u064a\u0645 \u0625\u064a\u062f \u0644\u0648\u0643\u062a\u0648\u0633. \u062f\u0648\u0646\u064a\u0643 \u0633\u064a\u062a \u0623\u0645\u064a\u062a \u0643\u0648\u0646\u0641\u0627\u0644\u064a\u0633 \u0646\u064a\u0643\u0648\u064a\u060c \u0646\u0648\u0646 \u0644\u0648\u0628\u0648\u0631\u062a\u064a\u0633 \u062f\u0648\u064a. \u0643\u0631\u0627\u0633 \u0633\u064a\u0644\u064a\u0631\u064a\u0633\u0643\u0648\u064a \u0644\u064a\u062c\u0648\u0644\u0627 \u0633\u064a\u062f \u062a\u064a\u0646\u0633\u064a\u062f\u0648\u0646\u062a \u0641\u064a\u0646\u064a\u0628\u0648\u0633. \u0644\u0627 \u062a\u0648\u062c\u062f \u0645\u062f\u062e\u0644\u0627\u062a \u0641\u064a \u0647\u0630\u0647 \u0627\u0644\u0641\u0626\u0629\" \/>\n<meta property=\"og:url\" content=\"https:\/\/trademilk.pl\/ar\/%d9%85%d9%86%d8%b7%d9%82%d8%a9-%d8%a7%d9%84%d9%85%d8%b9%d8%b1%d9%81%d8%a9\/\" \/>\n<meta property=\"og:site_name\" content=\"TRADE MILK\" \/>\n<meta property=\"article:modified_time\" content=\"2025-12-29T12:34:55+00:00\" \/>\n<meta name=\"twitter:card\" content=\"summary_large_image\" \/>\n<script type=\"application\/ld+json\" class=\"yoast-schema-graph\">{\"@context\":\"https:\\\/\\\/schema.org\",\"@graph\":[{\"@type\":\"WebPage\",\"@id\":\"https:\\\/\\\/trademilk.pl\\\/ar\\\/%d9%85%d9%86%d8%b7%d9%82%d8%a9-%d8%a7%d9%84%d9%85%d8%b9%d8%b1%d9%81%d8%a9\\\/\",\"url\":\"https:\\\/\\\/trademilk.pl\\\/ar\\\/%d9%85%d9%86%d8%b7%d9%82%d8%a9-%d8%a7%d9%84%d9%85%d8%b9%d8%b1%d9%81%d8%a9\\\/\",\"name\":\"\u0645\u0646\u0637\u0642\u0629 \u0627\u0644\u0645\u0639\u0631\u0641\u0629 - TRADE MILK\",\"isPartOf\":{\"@id\":\"https:\\\/\\\/trademilk.pl\\\/ar\\\/#website\"},\"datePublished\":\"2025-10-20T12:07:26+00:00\",\"dateModified\":\"2025-12-29T12:34:55+00:00\",\"breadcrumb\":{\"@id\":\"https:\\\/\\\/trademilk.pl\\\/ar\\\/%d9%85%d9%86%d8%b7%d9%82%d8%a9-%d8%a7%d9%84%d9%85%d8%b9%d8%b1%d9%81%d8%a9\\\/#breadcrumb\"},\"inLanguage\":\"ar\",\"potentialAction\":[{\"@type\":\"ReadAction\",\"target\":[\"https:\\\/\\\/trademilk.pl\\\/ar\\\/%d9%85%d9%86%d8%b7%d9%82%d8%a9-%d8%a7%d9%84%d9%85%d8%b9%d8%b1%d9%81%d8%a9\\\/\"]}]},{\"@type\":\"BreadcrumbList\",\"@id\":\"https:\\\/\\\/trademilk.pl\\\/ar\\\/%d9%85%d9%86%d8%b7%d9%82%d8%a9-%d8%a7%d9%84%d9%85%d8%b9%d8%b1%d9%81%d8%a9\\\/#breadcrumb\",\"itemListElement\":[{\"@type\":\"ListItem\",\"position\":1,\"name\":\"Strona g\u0142\u00f3wna\",\"item\":\"https:\\\/\\\/trademilk.pl\\\/ar\\\/\"},{\"@type\":\"ListItem\",\"position\":2,\"name\":\"\u0645\u0646\u0637\u0642\u0629 \u0627\u0644\u0645\u0639\u0631\u0641\u0629\"}]},{\"@type\":\"WebSite\",\"@id\":\"https:\\\/\\\/trademilk.pl\\\/ar\\\/#website\",\"url\":\"https:\\\/\\\/trademilk.pl\\\/ar\\\/\",\"name\":\"TRADE MILK\",\"description\":\"Bli\u017cej natury\",\"publisher\":{\"@id\":\"https:\\\/\\\/trademilk.pl\\\/ar\\\/#organization\"},\"potentialAction\":[{\"@type\":\"SearchAction\",\"target\":{\"@type\":\"EntryPoint\",\"urlTemplate\":\"https:\\\/\\\/trademilk.pl\\\/ar\\\/?s={search_term_string}\"},\"query-input\":{\"@type\":\"PropertyValueSpecification\",\"valueRequired\":true,\"valueName\":\"search_term_string\"}}],\"inLanguage\":\"ar\"},{\"@type\":\"Organization\",\"@id\":\"https:\\\/\\\/trademilk.pl\\\/ar\\\/#organization\",\"name\":\"TRADE MILK\",\"url\":\"https:\\\/\\\/trademilk.pl\\\/ar\\\/\",\"logo\":{\"@type\":\"ImageObject\",\"inLanguage\":\"ar\",\"@id\":\"https:\\\/\\\/trademilk.pl\\\/ar\\\/#\\\/schema\\\/logo\\\/image\\\/\",\"url\":\"https:\\\/\\\/trademilk.pl\\\/wp-content\\\/uploads\\\/2025\\\/10\\\/logo-trademilk.png\",\"contentUrl\":\"https:\\\/\\\/trademilk.pl\\\/wp-content\\\/uploads\\\/2025\\\/10\\\/logo-trademilk.png\",\"width\":760,\"height\":461,\"caption\":\"TRADE MILK\"},\"image\":{\"@id\":\"https:\\\/\\\/trademilk.pl\\\/ar\\\/#\\\/schema\\\/logo\\\/image\\\/\"}}]}<\/script>\n<!-- \/ Yoast SEO plugin. -->","yoast_head_json":{"title":"\u0645\u0646\u0637\u0642\u0629 \u0627\u0644\u0645\u0639\u0631\u0641\u0629 - TRADE MILK","robots":{"index":"index","follow":"follow","max-snippet":"max-snippet:-1","max-image-preview":"max-image-preview:large","max-video-preview":"max-video-preview:-1"},"canonical":"https:\/\/trademilk.pl\/ar\/%d9%85%d9%86%d8%b7%d9%82%d8%a9-%d8%a7%d9%84%d9%85%d8%b9%d8%b1%d9%81%d8%a9\/","og_locale":"ar_AR","og_type":"article","og_title":"\u0645\u0646\u0637\u0642\u0629 \u0627\u0644\u0645\u0639\u0631\u0641\u0629 - TRADE MILK","og_description":"\u0644\u0648\u0631\u064a\u0645 \u0625\u064a\u0628\u0633\u0648\u0645 \u062f\u0648\u0644\u0648\u0631 \u0633\u064a\u062a \u0623\u0645\u064a\u062a\u060c \u0643\u0648\u0646\u0633\u064a\u0643\u062a\u064a\u062a\u0648\u0631 \u0623\u062f\u064a\u0628\u064a\u0633\u0633\u064a\u0646\u062c \u0625\u0644\u064a\u062a. \u0646\u0648\u0646\u0643 \u062a\u064a\u0645\u0628\u0648\u0631 \u0643\u0648\u064a\u0633 \u0633\u064a\u0645 \u0625\u064a\u062f \u0644\u0648\u0643\u062a\u0648\u0633. \u062f\u0648\u0646\u064a\u0643 \u0633\u064a\u062a \u0623\u0645\u064a\u062a \u0643\u0648\u0646\u0641\u0627\u0644\u064a\u0633 \u0646\u064a\u0643\u0648\u064a\u060c \u0646\u0648\u0646 \u0644\u0648\u0628\u0648\u0631\u062a\u064a\u0633 \u062f\u0648\u064a. \u0643\u0631\u0627\u0633 \u0633\u064a\u0644\u064a\u0631\u064a\u0633\u0643\u0648\u064a \u0644\u064a\u062c\u0648\u0644\u0627 \u0633\u064a\u062f \u062a\u064a\u0646\u0633\u064a\u062f\u0648\u0646\u062a \u0641\u064a\u0646\u064a\u0628\u0648\u0633. \u0644\u0627 \u062a\u0648\u062c\u062f \u0645\u062f\u062e\u0644\u0627\u062a \u0641\u064a \u0647\u0630\u0647 \u0627\u0644\u0641\u0626\u0629","og_url":"https:\/\/trademilk.pl\/ar\/%d9%85%d9%86%d8%b7%d9%82%d8%a9-%d8%a7%d9%84%d9%85%d8%b9%d8%b1%d9%81%d8%a9\/","og_site_name":"TRADE MILK","article_modified_time":"2025-12-29T12:34:55+00:00","twitter_card":"summary_large_image","schema":{"@context":"https:\/\/schema.org","@graph":[{"@type":"WebPage","@id":"https:\/\/trademilk.pl\/ar\/%d9%85%d9%86%d8%b7%d9%82%d8%a9-%d8%a7%d9%84%d9%85%d8%b9%d8%b1%d9%81%d8%a9\/","url":"https:\/\/trademilk.pl\/ar\/%d9%85%d9%86%d8%b7%d9%82%d8%a9-%d8%a7%d9%84%d9%85%d8%b9%d8%b1%d9%81%d8%a9\/","name":"\u0645\u0646\u0637\u0642\u0629 \u0627\u0644\u0645\u0639\u0631\u0641\u0629 - TRADE MILK","isPartOf":{"@id":"https:\/\/trademilk.pl\/ar\/#website"},"datePublished":"2025-10-20T12:07:26+00:00","dateModified":"2025-12-29T12:34:55+00:00","breadcrumb":{"@id":"https:\/\/trademilk.pl\/ar\/%d9%85%d9%86%d8%b7%d9%82%d8%a9-%d8%a7%d9%84%d9%85%d8%b9%d8%b1%d9%81%d8%a9\/#breadcrumb"},"inLanguage":"ar","potentialAction":[{"@type":"ReadAction","target":["https:\/\/trademilk.pl\/ar\/%d9%85%d9%86%d8%b7%d9%82%d8%a9-%d8%a7%d9%84%d9%85%d8%b9%d8%b1%d9%81%d8%a9\/"]}]},{"@type":"BreadcrumbList","@id":"https:\/\/trademilk.pl\/ar\/%d9%85%d9%86%d8%b7%d9%82%d8%a9-%d8%a7%d9%84%d9%85%d8%b9%d8%b1%d9%81%d8%a9\/#breadcrumb","itemListElement":[{"@type":"ListItem","position":1,"name":"Strona g\u0142\u00f3wna","item":"https:\/\/trademilk.pl\/ar\/"},{"@type":"ListItem","position":2,"name":"\u0645\u0646\u0637\u0642\u0629 \u0627\u0644\u0645\u0639\u0631\u0641\u0629"}]},{"@type":"WebSite","@id":"https:\/\/trademilk.pl\/ar\/#website","url":"https:\/\/trademilk.pl\/ar\/","name":"TRADE MILK","description":"Bli\u017cej natury","publisher":{"@id":"https:\/\/trademilk.pl\/ar\/#organization"},"potentialAction":[{"@type":"SearchAction","target":{"@type":"EntryPoint","urlTemplate":"https:\/\/trademilk.pl\/ar\/?s={search_term_string}"},"query-input":{"@type":"PropertyValueSpecification","valueRequired":true,"valueName":"search_term_string"}}],"inLanguage":"ar"},{"@type":"Organization","@id":"https:\/\/trademilk.pl\/ar\/#organization","name":"TRADE MILK","url":"https:\/\/trademilk.pl\/ar\/","logo":{"@type":"ImageObject","inLanguage":"ar","@id":"https:\/\/trademilk.pl\/ar\/#\/schema\/logo\/image\/","url":"https:\/\/trademilk.pl\/wp-content\/uploads\/2025\/10\/logo-trademilk.png","contentUrl":"https:\/\/trademilk.pl\/wp-content\/uploads\/2025\/10\/logo-trademilk.png","width":760,"height":461,"caption":"TRADE MILK"},"image":{"@id":"https:\/\/trademilk.pl\/ar\/#\/schema\/logo\/image\/"}}]}},"_links":{"self":[{"href":"https:\/\/trademilk.pl\/ar\/wp-json\/wp\/v2\/pages\/1882","targetHints":{"allow":["GET"]}}],"collection":[{"href":"https:\/\/trademilk.pl\/ar\/wp-json\/wp\/v2\/pages"}],"about":[{"href":"https:\/\/trademilk.pl\/ar\/wp-json\/wp\/v2\/types\/page"}],"author":[{"embeddable":true,"href":"https:\/\/trademilk.pl\/ar\/wp-json\/wp\/v2\/users\/1"}],"replies":[{"embeddable":true,"href":"https:\/\/trademilk.pl\/ar\/wp-json\/wp\/v2\/comments?post=1882"}],"version-history":[{"count":1,"href":"https:\/\/trademilk.pl\/ar\/wp-json\/wp\/v2\/pages\/1882\/revisions"}],"predecessor-version":[{"id":1883,"href":"https:\/\/trademilk.pl\/ar\/wp-json\/wp\/v2\/pages\/1882\/revisions\/1883"}],"wp:attachment":[{"href":"https:\/\/trademilk.pl\/ar\/wp-json\/wp\/v2\/media?parent=1882"}],"curies":[{"name":"wp","href":"https:\/\/api.w.org\/{rel}","templated":true}]}}