{"id":1756,"date":"2025-11-27T10:01:37","date_gmt":"2025-11-27T10:01:37","guid":{"rendered":"https:\/\/trademilk.pl\/milcore\/"},"modified":"2025-12-19T10:35:35","modified_gmt":"2025-12-19T10:35:35","slug":"milcore","status":"publish","type":"page","link":"https:\/\/trademilk.pl\/es\/milcore\/","title":{"rendered":"Milcore"},"content":{"rendered":"\t\t<div data-elementor-type=\"wp-page\" data-elementor-id=\"1756\" class=\"elementor elementor-1756 elementor-1307\" data-elementor-post-type=\"page\">\n\t\t\t\t<div class=\"elementor-element elementor-element-772d390 e-flex e-con-boxed e-con e-parent\" data-id=\"772d390\" data-element_type=\"container\" data-e-type=\"container\">\n\t\t\t\t\t<div class=\"e-con-inner\">\n\t\t\t\t\t<\/div>\n\t\t\t\t<\/div>\n\t\t<div class=\"elementor-element elementor-element-a179143 e-flex e-con-boxed e-con e-parent\" data-id=\"a179143\" data-element_type=\"container\" data-e-type=\"container\">\n\t\t\t\t\t<div class=\"e-con-inner\">\n\t\t\t\t<div class=\"elementor-element elementor-element-5fbdc0e elementor-widget elementor-widget-image\" data-id=\"5fbdc0e\" data-element_type=\"widget\" data-e-type=\"widget\" data-widget_type=\"image.default\">\n\t\t\t\t\t\t\t\t\t\t\t\t\t\t\t<img fetchpriority=\"high\" decoding=\"async\" width=\"685\" height=\"211\" src=\"https:\/\/trademilk.pl\/wp-content\/uploads\/2025\/10\/milcore-logo.svg\" class=\"attachment-large size-large wp-image-1753\" alt=\"\" \/>\t\t\t\t\t\t\t\t\t\t\t\t\t\t\t<\/div>\n\t\t\t\t<div class=\"elementor-element elementor-element-afdfd60 elementor-widget elementor-widget-text-editor\" data-id=\"afdfd60\" data-element_type=\"widget\" data-e-type=\"widget\" data-widget_type=\"text-editor.default\">\n\t\t\t\t\t\t\t\t\t<h3> <\/h3><h3><strong>La planta de Milcore en Toru\u0144 es el centro de producci\u00f3n de Trade Milk, especializado en la creaci\u00f3n de mezclas avanzadas de leche en polvo para el sector alimentario. <\/strong><\/h3><h3><strong>Los procesos se llevan a cabo utilizando l\u00edneas tecnol\u00f3gicas modernas y un control de calidad preciso en cada etapa de la producci\u00f3n. <\/strong><\/h3><h3><strong>La planta opera de acuerdo con los est\u00e1ndares internacionales de calidad y seguridad alimentaria, confirmados por certificaciones (<a href=\"https:\/\/trademilk.pl\/es\/certificados\/\">VER CERTIFICADOS<\/a>). <\/strong><\/h3><h3><strong>Gracias a esto, Milcore garantiza una alta repetibilidad de los par\u00e1metros, la seguridad de los productos y la flexibilidad necesaria para atender tanto al mercado nacional como a los clientes internacionales.<\/strong><\/h3>\t\t\t\t\t\t\t\t<\/div>\n\t\t\t\t\t<\/div>\n\t\t\t\t<\/div>\n\t\t<div class=\"elementor-element elementor-element-0f21c17 e-flex e-con-boxed e-con e-parent\" data-id=\"0f21c17\" data-element_type=\"container\" data-e-type=\"container\">\n\t\t\t\t\t<div class=\"e-con-inner\">\n\t\t\t\t\t<\/div>\n\t\t\t\t<\/div>\n\t\t\t\t<\/div>\n\t\t","protected":false},"excerpt":{"rendered":"<p>La planta de Milcore en Toru\u0144 es el centro de producci\u00f3n de Trade Milk, especializado en la creaci\u00f3n de mezclas avanzadas de leche en polvo para el sector alimentario. Los procesos se llevan a cabo utilizando l\u00edneas tecnol\u00f3gicas modernas y un control de calidad preciso en cada etapa de la producci\u00f3n. La planta opera de [&hellip;]<\/p>\n","protected":false},"author":1,"featured_media":0,"parent":0,"menu_order":0,"comment_status":"closed","ping_status":"closed","template":"","meta":{"footnotes":""},"class_list":["post-1756","page","type-page","status-publish","hentry"],"yoast_head":"<!-- This site is optimized with the Yoast SEO plugin v27.3 - https:\/\/yoast.com\/product\/yoast-seo-wordpress\/ -->\n<title>Milcore - TRADE MILK<\/title>\n<meta name=\"robots\" content=\"index, follow, max-snippet:-1, max-image-preview:large, max-video-preview:-1\" \/>\n<link rel=\"canonical\" href=\"https:\/\/trademilk.pl\/es\/milcore\/\" \/>\n<meta property=\"og:locale\" content=\"es_ES\" \/>\n<meta property=\"og:type\" content=\"article\" \/>\n<meta property=\"og:title\" content=\"Milcore - TRADE MILK\" \/>\n<meta property=\"og:description\" content=\"La planta de Milcore en Toru\u0144 es el centro de producci\u00f3n de Trade Milk, especializado en la creaci\u00f3n de mezclas avanzadas de leche en polvo para el sector alimentario. Los procesos se llevan a cabo utilizando l\u00edneas tecnol\u00f3gicas modernas y un control de calidad preciso en cada etapa de la producci\u00f3n. La planta opera de [&hellip;]\" \/>\n<meta property=\"og:url\" content=\"https:\/\/trademilk.pl\/es\/milcore\/\" \/>\n<meta property=\"og:site_name\" content=\"TRADE MILK\" \/>\n<meta property=\"article:modified_time\" content=\"2025-12-19T10:35:35+00:00\" \/>\n<meta name=\"twitter:card\" content=\"summary_large_image\" \/>\n<meta name=\"twitter:label1\" content=\"Tiempo de lectura\" \/>\n\t<meta name=\"twitter:data1\" content=\"1 minuto\" \/>\n<script type=\"application\/ld+json\" class=\"yoast-schema-graph\">{\"@context\":\"https:\\\/\\\/schema.org\",\"@graph\":[{\"@type\":\"WebPage\",\"@id\":\"https:\\\/\\\/trademilk.pl\\\/es\\\/milcore\\\/\",\"url\":\"https:\\\/\\\/trademilk.pl\\\/es\\\/milcore\\\/\",\"name\":\"Milcore - TRADE MILK\",\"isPartOf\":{\"@id\":\"https:\\\/\\\/trademilk.pl\\\/es\\\/#website\"},\"primaryImageOfPage\":{\"@id\":\"https:\\\/\\\/trademilk.pl\\\/es\\\/milcore\\\/#primaryimage\"},\"image\":{\"@id\":\"https:\\\/\\\/trademilk.pl\\\/es\\\/milcore\\\/#primaryimage\"},\"thumbnailUrl\":\"https:\\\/\\\/trademilk.pl\\\/wp-content\\\/uploads\\\/2025\\\/10\\\/milcore-logo.svg\",\"datePublished\":\"2025-11-27T10:01:37+00:00\",\"dateModified\":\"2025-12-19T10:35:35+00:00\",\"breadcrumb\":{\"@id\":\"https:\\\/\\\/trademilk.pl\\\/es\\\/milcore\\\/#breadcrumb\"},\"inLanguage\":\"es\",\"potentialAction\":[{\"@type\":\"ReadAction\",\"target\":[\"https:\\\/\\\/trademilk.pl\\\/es\\\/milcore\\\/\"]}]},{\"@type\":\"ImageObject\",\"inLanguage\":\"es\",\"@id\":\"https:\\\/\\\/trademilk.pl\\\/es\\\/milcore\\\/#primaryimage\",\"url\":\"https:\\\/\\\/trademilk.pl\\\/wp-content\\\/uploads\\\/2025\\\/10\\\/milcore-logo.svg\",\"contentUrl\":\"https:\\\/\\\/trademilk.pl\\\/wp-content\\\/uploads\\\/2025\\\/10\\\/milcore-logo.svg\"},{\"@type\":\"BreadcrumbList\",\"@id\":\"https:\\\/\\\/trademilk.pl\\\/es\\\/milcore\\\/#breadcrumb\",\"itemListElement\":[{\"@type\":\"ListItem\",\"position\":1,\"name\":\"Strona g\u0142\u00f3wna\",\"item\":\"https:\\\/\\\/trademilk.pl\\\/es\\\/\"},{\"@type\":\"ListItem\",\"position\":2,\"name\":\"Milcore\"}]},{\"@type\":\"WebSite\",\"@id\":\"https:\\\/\\\/trademilk.pl\\\/es\\\/#website\",\"url\":\"https:\\\/\\\/trademilk.pl\\\/es\\\/\",\"name\":\"TRADE MILK\",\"description\":\"Bli\u017cej natury\",\"publisher\":{\"@id\":\"https:\\\/\\\/trademilk.pl\\\/es\\\/#organization\"},\"potentialAction\":[{\"@type\":\"SearchAction\",\"target\":{\"@type\":\"EntryPoint\",\"urlTemplate\":\"https:\\\/\\\/trademilk.pl\\\/es\\\/?s={search_term_string}\"},\"query-input\":{\"@type\":\"PropertyValueSpecification\",\"valueRequired\":true,\"valueName\":\"search_term_string\"}}],\"inLanguage\":\"es\"},{\"@type\":\"Organization\",\"@id\":\"https:\\\/\\\/trademilk.pl\\\/es\\\/#organization\",\"name\":\"TRADE MILK\",\"url\":\"https:\\\/\\\/trademilk.pl\\\/es\\\/\",\"logo\":{\"@type\":\"ImageObject\",\"inLanguage\":\"es\",\"@id\":\"https:\\\/\\\/trademilk.pl\\\/es\\\/#\\\/schema\\\/logo\\\/image\\\/\",\"url\":\"https:\\\/\\\/trademilk.pl\\\/wp-content\\\/uploads\\\/2025\\\/10\\\/logo-trademilk.png\",\"contentUrl\":\"https:\\\/\\\/trademilk.pl\\\/wp-content\\\/uploads\\\/2025\\\/10\\\/logo-trademilk.png\",\"width\":760,\"height\":461,\"caption\":\"TRADE MILK\"},\"image\":{\"@id\":\"https:\\\/\\\/trademilk.pl\\\/es\\\/#\\\/schema\\\/logo\\\/image\\\/\"}}]}<\/script>\n<!-- \/ Yoast SEO plugin. -->","yoast_head_json":{"title":"Milcore - TRADE MILK","robots":{"index":"index","follow":"follow","max-snippet":"max-snippet:-1","max-image-preview":"max-image-preview:large","max-video-preview":"max-video-preview:-1"},"canonical":"https:\/\/trademilk.pl\/es\/milcore\/","og_locale":"es_ES","og_type":"article","og_title":"Milcore - TRADE MILK","og_description":"La planta de Milcore en Toru\u0144 es el centro de producci\u00f3n de Trade Milk, especializado en la creaci\u00f3n de mezclas avanzadas de leche en polvo para el sector alimentario. Los procesos se llevan a cabo utilizando l\u00edneas tecnol\u00f3gicas modernas y un control de calidad preciso en cada etapa de la producci\u00f3n. La planta opera de [&hellip;]","og_url":"https:\/\/trademilk.pl\/es\/milcore\/","og_site_name":"TRADE MILK","article_modified_time":"2025-12-19T10:35:35+00:00","twitter_card":"summary_large_image","twitter_misc":{"Tiempo de lectura":"1 minuto"},"schema":{"@context":"https:\/\/schema.org","@graph":[{"@type":"WebPage","@id":"https:\/\/trademilk.pl\/es\/milcore\/","url":"https:\/\/trademilk.pl\/es\/milcore\/","name":"Milcore - TRADE MILK","isPartOf":{"@id":"https:\/\/trademilk.pl\/es\/#website"},"primaryImageOfPage":{"@id":"https:\/\/trademilk.pl\/es\/milcore\/#primaryimage"},"image":{"@id":"https:\/\/trademilk.pl\/es\/milcore\/#primaryimage"},"thumbnailUrl":"https:\/\/trademilk.pl\/wp-content\/uploads\/2025\/10\/milcore-logo.svg","datePublished":"2025-11-27T10:01:37+00:00","dateModified":"2025-12-19T10:35:35+00:00","breadcrumb":{"@id":"https:\/\/trademilk.pl\/es\/milcore\/#breadcrumb"},"inLanguage":"es","potentialAction":[{"@type":"ReadAction","target":["https:\/\/trademilk.pl\/es\/milcore\/"]}]},{"@type":"ImageObject","inLanguage":"es","@id":"https:\/\/trademilk.pl\/es\/milcore\/#primaryimage","url":"https:\/\/trademilk.pl\/wp-content\/uploads\/2025\/10\/milcore-logo.svg","contentUrl":"https:\/\/trademilk.pl\/wp-content\/uploads\/2025\/10\/milcore-logo.svg"},{"@type":"BreadcrumbList","@id":"https:\/\/trademilk.pl\/es\/milcore\/#breadcrumb","itemListElement":[{"@type":"ListItem","position":1,"name":"Strona g\u0142\u00f3wna","item":"https:\/\/trademilk.pl\/es\/"},{"@type":"ListItem","position":2,"name":"Milcore"}]},{"@type":"WebSite","@id":"https:\/\/trademilk.pl\/es\/#website","url":"https:\/\/trademilk.pl\/es\/","name":"TRADE MILK","description":"Bli\u017cej natury","publisher":{"@id":"https:\/\/trademilk.pl\/es\/#organization"},"potentialAction":[{"@type":"SearchAction","target":{"@type":"EntryPoint","urlTemplate":"https:\/\/trademilk.pl\/es\/?s={search_term_string}"},"query-input":{"@type":"PropertyValueSpecification","valueRequired":true,"valueName":"search_term_string"}}],"inLanguage":"es"},{"@type":"Organization","@id":"https:\/\/trademilk.pl\/es\/#organization","name":"TRADE MILK","url":"https:\/\/trademilk.pl\/es\/","logo":{"@type":"ImageObject","inLanguage":"es","@id":"https:\/\/trademilk.pl\/es\/#\/schema\/logo\/image\/","url":"https:\/\/trademilk.pl\/wp-content\/uploads\/2025\/10\/logo-trademilk.png","contentUrl":"https:\/\/trademilk.pl\/wp-content\/uploads\/2025\/10\/logo-trademilk.png","width":760,"height":461,"caption":"TRADE MILK"},"image":{"@id":"https:\/\/trademilk.pl\/es\/#\/schema\/logo\/image\/"}}]}},"_links":{"self":[{"href":"https:\/\/trademilk.pl\/es\/wp-json\/wp\/v2\/pages\/1756","targetHints":{"allow":["GET"]}}],"collection":[{"href":"https:\/\/trademilk.pl\/es\/wp-json\/wp\/v2\/pages"}],"about":[{"href":"https:\/\/trademilk.pl\/es\/wp-json\/wp\/v2\/types\/page"}],"author":[{"embeddable":true,"href":"https:\/\/trademilk.pl\/es\/wp-json\/wp\/v2\/users\/1"}],"replies":[{"embeddable":true,"href":"https:\/\/trademilk.pl\/es\/wp-json\/wp\/v2\/comments?post=1756"}],"version-history":[{"count":1,"href":"https:\/\/trademilk.pl\/es\/wp-json\/wp\/v2\/pages\/1756\/revisions"}],"predecessor-version":[{"id":1757,"href":"https:\/\/trademilk.pl\/es\/wp-json\/wp\/v2\/pages\/1756\/revisions\/1757"}],"wp:attachment":[{"href":"https:\/\/trademilk.pl\/es\/wp-json\/wp\/v2\/media?parent=1756"}],"curies":[{"name":"wp","href":"https:\/\/api.w.org\/{rel}","templated":true}]}}